{"id":725,"date":"2022-02-08T07:47:21","date_gmt":"2022-02-08T07:47:21","guid":{"rendered":"http:\/\/itrmt-vautoma01.esfds.net\/site\/?page_id=725"},"modified":"2026-03-13T16:55:32","modified_gmt":"2026-03-13T16:55:32","slug":"country-portugal","status":"publish","type":"page","link":"https:\/\/www.dxcfds.com\/index.php\/countries\/country-portugal\/","title":{"rendered":"Country Portugal"},"content":{"rendered":"<div id=\"pl-725\"  class=\"panel-layout\" ><div id=\"pg-725-0\"  class=\"panel-grid panel-no-style\" ><div id=\"pgc-725-0-0\"  class=\"panel-grid-cell\" ><div id=\"panel-725-0-0-0\" class=\"so-panel widget widget_circleicon-widget panel-first-child panel-last-child\" data-index=\"0\" >\t\t<div class=\"circle-icon-box circle-icon-position-top circle-icon-hide-box circle-icon-size-small \">\n\t\t\t\t\t\t\t<div class=\"circle-icon-wrapper\">\n\t\t\t\t\t\t\t\t\t\t<a href=\"\/index.php\/countries\/country-portugal\/pt-aboutus\/\" class=\"link-icon\" >\t\t\t\t\t<div class=\"circle-icon\" >\n\t\t\t\t\t\t\t\t\t\t\t\t\t<div\n\t\t\t\t\t\t\t\tclass=\"fa fa-user-circle\"\n\t\t\t\t\t\t\t\tstyle=\"color: #ffffff\"\t\t\t\t\t\t\t><\/div>\n\t\t\t\t\t\t\t\t\t\t\t<\/div>\n\t\t\t\t\t<\/a>\t\t\t\t<\/div>\n\t\t\t\n\t\t\t\t\t\t\t<a\n\t\t\t\t\thref=\"\/index.php\/countries\/country-portugal\/pt-aboutus\/\"\n\t\t\t\t\tclass=\"link-title\" \t\t\t\t>\n\t\t\t\t\t\t\t\t\t\t<h4 >\n\t\t\t\t\tAbout Us\t\t\t\t<\/h4>\n\t\t\t\t\t\t\t\t\t\t<\/a>\n\t\t\t\n\t\t\t\t\t\t\t\t\t\t<a\n\t\t\t\t\thref=\"\/index.php\/countries\/country-portugal\/pt-aboutus\/\"\n\t\t\t\t\tclass=\"more-button\"\n\t\t\t\t\t\t\t\t\t>\n\t\t\t\t\t&nbsp;\t\t\t\t\t<i><\/i>\n\t\t\t\t<\/a>\n\t\t\t\t\t<\/div>\n\t\t<\/div><\/div><div id=\"pgc-725-0-1\"  class=\"panel-grid-cell\" ><div id=\"panel-725-0-1-0\" class=\"so-panel widget widget_circleicon-widget panel-first-child panel-last-child\" data-index=\"1\" >\t\t<div class=\"circle-icon-box circle-icon-position-top circle-icon-hide-box circle-icon-size-small \">\n\t\t\t\t\t\t\t<div class=\"circle-icon-wrapper\">\n\t\t\t\t\t\t\t\t\t\t<a href=\"\/index.php\/countries\/country-portugal\/pt-careers\/\" class=\"link-icon\" >\t\t\t\t\t<div class=\"circle-icon\" >\n\t\t\t\t\t\t\t\t\t\t\t\t\t<div\n\t\t\t\t\t\t\t\tclass=\"fa fa-industry\"\n\t\t\t\t\t\t\t\tstyle=\"color: #ffffff\"\t\t\t\t\t\t\t><\/div>\n\t\t\t\t\t\t\t\t\t\t\t<\/div>\n\t\t\t\t\t<\/a>\t\t\t\t<\/div>\n\t\t\t\n\t\t\t\t\t\t\t<a\n\t\t\t\t\thref=\"\/index.php\/countries\/country-portugal\/pt-careers\/\"\n\t\t\t\t\tclass=\"link-title\" \t\t\t\t>\n\t\t\t\t\t\t\t\t\t\t<h4 >\n\t\t\t\t\tCareers at FDS\t\t\t\t<\/h4>\n\t\t\t\t\t\t\t\t\t\t<\/a>\n\t\t\t\n\t\t\t\t\t\t\t\t\t\t<a\n\t\t\t\t\thref=\"\/index.php\/countries\/country-portugal\/pt-careers\/\"\n\t\t\t\t\tclass=\"more-button\"\n\t\t\t\t\t\t\t\t\t>\n\t\t\t\t\t&nbsp;\t\t\t\t\t<i><\/i>\n\t\t\t\t<\/a>\n\t\t\t\t\t<\/div>\n\t\t<\/div><\/div><div id=\"pgc-725-0-2\"  class=\"panel-grid-cell\" ><div id=\"panel-725-0-2-0\" class=\"so-panel widget widget_circleicon-widget panel-first-child panel-last-child\" data-index=\"2\" >\t\t<div class=\"circle-icon-box circle-icon-position-top circle-icon-hide-box circle-icon-size-small \">\n\t\t\t\t\t\t\t<div class=\"circle-icon-wrapper\">\n\t\t\t\t\t\t\t\t\t\t<a href=\"\/index.php\/countries\/country-portugal\/pt-contacts\/\" class=\"link-icon\" >\t\t\t\t\t<div class=\"circle-icon\" >\n\t\t\t\t\t\t\t\t\t\t\t\t\t<div\n\t\t\t\t\t\t\t\tclass=\"fa fa-envelope-o\"\n\t\t\t\t\t\t\t\tstyle=\"color: #ffffff\"\t\t\t\t\t\t\t><\/div>\n\t\t\t\t\t\t\t\t\t\t\t<\/div>\n\t\t\t\t\t<\/a>\t\t\t\t<\/div>\n\t\t\t\n\t\t\t\t\t\t\t<a\n\t\t\t\t\thref=\"\/index.php\/countries\/country-portugal\/pt-contacts\/\"\n\t\t\t\t\tclass=\"link-title\" \t\t\t\t>\n\t\t\t\t\t\t\t\t\t\t<h4 >\n\t\t\t\t\tContact Us\t\t\t\t<\/h4>\n\t\t\t\t\t\t\t\t\t\t<\/a>\n\t\t\t\n\t\t\t\t\t\t\t\t\t\t<a\n\t\t\t\t\thref=\"\/index.php\/countries\/country-portugal\/pt-contacts\/\"\n\t\t\t\t\tclass=\"more-button\"\n\t\t\t\t\t\t\t\t\t>\n\t\t\t\t\t&nbsp;\t\t\t\t\t<i><\/i>\n\t\t\t\t<\/a>\n\t\t\t\t\t<\/div>\n\t\t<\/div><\/div><div id=\"pgc-725-0-3\"  class=\"panel-grid-cell\" ><div id=\"panel-725-0-3-0\" class=\"so-panel widget widget_circleicon-widget panel-first-child panel-last-child\" data-index=\"3\" >\t\t<div class=\"circle-icon-box circle-icon-position-top circle-icon-hide-box circle-icon-size-small \">\n\t\t\t\t\t\t\t<div class=\"circle-icon-wrapper\">\n\t\t\t\t\t\t\t\t\t\t<a href=\"\/wp-content\/uploads\/2022\/02\/Presentation-certificate-ISO9001-Paco-DArcos-FDS-Portugal.pdf\" class=\"link-icon\" target=\"_blank\">\t\t\t\t\t<div class=\"circle-icon\" >\n\t\t\t\t\t\t\t\t\t\t\t\t\t<div\n\t\t\t\t\t\t\t\tclass=\"fa fa-certificate\"\n\t\t\t\t\t\t\t\tstyle=\"color: #ffffff\"\t\t\t\t\t\t\t><\/div>\n\t\t\t\t\t\t\t\t\t\t\t<\/div>\n\t\t\t\t\t<\/a>\t\t\t\t<\/div>\n\t\t\t\n\t\t\t\t\t\t\t<a\n\t\t\t\t\thref=\"\/wp-content\/uploads\/2022\/02\/Presentation-certificate-ISO9001-Paco-DArcos-FDS-Portugal.pdf\"\n\t\t\t\t\tclass=\"link-title\" target=&quot;_blank&quot;\t\t\t\t>\n\t\t\t\t\t\t\t\t\t\t<h4 >\n\t\t\t\t\tISO Certification\t\t\t\t<\/h4>\n\t\t\t\t\t\t\t\t\t\t<\/a>\n\t\t\t\n\t\t\t\t\t\t\t\t\t\t<a\n\t\t\t\t\thref=\"\/wp-content\/uploads\/2022\/02\/Presentation-certificate-ISO9001-Paco-DArcos-FDS-Portugal.pdf\"\n\t\t\t\t\tclass=\"more-button\"\n\t\t\t\t\ttarget=&quot;_blank&quot;\t\t\t\t>\n\t\t\t\t\t&nbsp;\t\t\t\t\t<i><\/i>\n\t\t\t\t<\/a>\n\t\t\t\t\t<\/div>\n\t\t<\/div><\/div><\/div><div id=\"pg-725-1\"  class=\"panel-grid panel-no-style\" ><div id=\"pgc-725-1-0\"  class=\"panel-grid-cell panel-grid-cell-mobile-last\" ><div id=\"panel-725-1-0-0\" class=\"so-panel widget widget_sow-editor panel-first-child panel-last-child\" data-index=\"4\" ><div\n\t\t\t\n\t\t\tclass=\"so-widget-sow-editor so-widget-sow-editor-base\"\n\t\t\t\n\t\t>\n<div class=\"siteorigin-widget-tinymce textwidget\">\n\t<h2><span style=\"color: #004AAC;\"><strong>Servi\u00e7os<\/strong><\/span><\/h2>\n<\/div>\n<\/div><\/div><\/div><div id=\"pgc-725-1-1\"  class=\"panel-grid-cell panel-grid-cell-empty\" ><\/div><\/div><div id=\"pg-725-2\"  class=\"panel-grid panel-no-style\" ><div id=\"pgc-725-2-0\"  class=\"panel-grid-cell\" ><div id=\"panel-725-2-0-0\" class=\"so-panel widget widget_sow-accordion panel-first-child panel-last-child\" data-index=\"5\" ><div\n\t\t\t\n\t\t\tclass=\"so-widget-sow-accordion so-widget-sow-accordion-default-7e955dec4ff0-725\"\n\t\t\t data-max-open-panels=\"0\" data-initial-scroll-panel=\"2\"\n\t\t><div>\n\t<div class=\"sow-accordion\">\n\t\t\t<div class=\"sow-accordion-panel\n\t\t\t\t\t\"\n\t\t\t\tdata-anchor-id=\"servicos\">\n\t\t\t\t\t<div class=\"sow-accordion-panel-header-container\" role=\"heading\" aria-level=\"2\">\n\t\t\t\t\t<div class=\"sow-accordion-panel-header\" tabindex=\"0\" role=\"button\" id=\"accordion-label-servi%c3%a7os\" aria-controls=\"accordion-content-servi%c3%a7os\" aria-expanded=\"false\">\n\t\t\t\t\t\t<div class=\"sow-accordion-title sow-accordion-title-icon-left\">\n\t\t\t\t\t\t\t\t\t\t\t\t\t\tServi\u00e7os\t\t\t\t\t\t\t\t\t\t\t\t\t<\/div>\n\t\t\t\t\t\t<div class=\"sow-accordion-open-close-button\">\n\t\t\t\t\t\t\t<div class=\"sow-accordion-open-button\">\n\t\t\t\t\t\t\t\t<span class=\"sow-icon-ionicons\" data-sow-icon=\"&#xf218;\"\n\t\t \n\t\taria-hidden=\"true\"><\/span>\t\t\t\t\t\t\t<\/div>\n\t\t\t\t\t\t\t<div class=\"sow-accordion-close-button\">\n\t\t\t\t\t\t\t\t<span class=\"sow-icon-ionicons\" data-sow-icon=\"&#xf209;\"\n\t\t \n\t\taria-hidden=\"true\"><\/span>\t\t\t\t\t\t\t<\/div>\n\t\t\t\t\t\t<\/div>\n\t\t\t\t\t<\/div>\n\t\t\t\t<\/div>\n\n\t\t\t<div\n\t\t\t\tclass=\"sow-accordion-panel-content\"\n\t\t\t\trole=\"region\"\n\t\t\t\taria-labelledby=\"accordion-label-servi%c3%a7os\"\n\t\t\t\tid=\"accordion-content-servi%c3%a7os\"\n\t\t\t\tstyle=\"display: none;\"\t\t\t>\n\t\t\t\t<div class=\"sow-accordion-panel-border\">\n\t\t\t\t\tNa FDS prestamos servi\u00e7os de primeira qualidade para as principais linhas de neg\u00f3cio da DXC Technology. Os nossos especialistas participam em projetos de vanguarda tecnol\u00f3gica nas \u00e1reas de:\n<ul>\n \t<li>WorkPlace Management<\/li>\n \t<li>Infrastruture and Networks Management<\/li>\n \t<li>Security<\/li>\n \t<li>Cloud<\/li>\n \t<li>CRM\/ERPs<\/li>\n \t<li>Business Intelligence<\/li>\n \t<li>Enterprise and Cloud Applications<\/li>\n \t<li>Middleware<\/li>\n<\/ul>\t\t\t\t<\/div>\n\t\t\t<\/div>\n\t\t<\/div>\n\t\t<\/div>\n<\/div>\n<\/div><\/div><\/div><div id=\"pgc-725-2-1\"  class=\"panel-grid-cell\" ><div id=\"panel-725-2-1-0\" class=\"so-panel widget widget_sow-accordion panel-first-child panel-last-child\" data-index=\"6\" ><div\n\t\t\t\n\t\t\tclass=\"so-widget-sow-accordion so-widget-sow-accordion-default-7e955dec4ff0-725\"\n\t\t\t data-max-open-panels=\"0\" data-initial-scroll-panel=\"2\"\n\t\t><div>\n\t<div class=\"sow-accordion\">\n\t\t\t<div class=\"sow-accordion-panel\n\t\t\t\t\t\"\n\t\t\t\tdata-anchor-id=\"estrutura-da-es-field-delivery-portugal\">\n\t\t\t\t\t<div class=\"sow-accordion-panel-header-container\" role=\"heading\" aria-level=\"2\">\n\t\t\t\t\t<div class=\"sow-accordion-panel-header\" tabindex=\"0\" role=\"button\" id=\"accordion-label-estrutura-da-es-field-delivery-portugal\" aria-controls=\"accordion-content-estrutura-da-es-field-delivery-portugal\" aria-expanded=\"false\">\n\t\t\t\t\t\t<div class=\"sow-accordion-title sow-accordion-title-icon-left\">\n\t\t\t\t\t\t\t\t\t\t\t\t\t\tEstrutura da ES Field Delivery Portugal\t\t\t\t\t\t\t\t\t\t\t\t\t<\/div>\n\t\t\t\t\t\t<div class=\"sow-accordion-open-close-button\">\n\t\t\t\t\t\t\t<div class=\"sow-accordion-open-button\">\n\t\t\t\t\t\t\t\t<span class=\"sow-icon-ionicons\" data-sow-icon=\"&#xf218;\"\n\t\t \n\t\taria-hidden=\"true\"><\/span>\t\t\t\t\t\t\t<\/div>\n\t\t\t\t\t\t\t<div class=\"sow-accordion-close-button\">\n\t\t\t\t\t\t\t\t<span class=\"sow-icon-ionicons\" data-sow-icon=\"&#xf209;\"\n\t\t \n\t\taria-hidden=\"true\"><\/span>\t\t\t\t\t\t\t<\/div>\n\t\t\t\t\t\t<\/div>\n\t\t\t\t\t<\/div>\n\t\t\t\t<\/div>\n\n\t\t\t<div\n\t\t\t\tclass=\"sow-accordion-panel-content\"\n\t\t\t\trole=\"region\"\n\t\t\t\taria-labelledby=\"accordion-label-estrutura-da-es-field-delivery-portugal\"\n\t\t\t\tid=\"accordion-content-estrutura-da-es-field-delivery-portugal\"\n\t\t\t\tstyle=\"display: none;\"\t\t\t>\n\t\t\t\t<div class=\"sow-accordion-panel-border\">\n\t\t\t\t\t<p>A FDS \u00e9 uma entidade aut\u00f3noma, 100% propriedade da DXC Technology e est\u00e1 incluida na holding de empresas na Europa.<br \/>\nOperacionalmente, a FDS configura-se como uma plataforma de servi\u00e7os para as principais linhas de neg\u00f3cio da DXC. A nossa miss\u00e3o \u00e9 ser o parceiro preferencial para o desenvolvimento e fornecimento de servi\u00e7os aos clientes da DXC.<br \/>\nAtualmente na FDS Portugal somos cerca 200 profissionais, distribuidos por todo o territ\u00f3rio nacional.<br \/>\n<(br><br \/>\nTamb\u00e9m contamos com presen\u00e7a em Inglaterra, Irlanda, B\u00e9lgica, Holanda, Fran\u00e7a, It\u00e1lia e Luxemburgo, com um total de 2500 colaboradores. A FDS apresenta uma vantagem competitiva ao grupo DXC, fundamentada num elevado desempenho na presta\u00e7\u00e3o de servi\u00e7os, resultado da qualidade que nos distingue no nosso mercado:<\/p>\n<ul>\n<li>Satisfa\u00e7\u00e3o do cliente (foco na qualidade do servi\u00e7o)<\/li>\n<li>Agilidade na concep\u00e7\u00e3o e implementa\u00e7\u00e3o de solu\u00e7\u00f5es<\/li>\n<li>Efici\u00eancia em custos (estruturas adaptadas \u00e0 presta\u00e7\u00e3o de servi\u00e7os, suportadas por um sistema de controle \u00e1gil e eficiente)<\/li>\n<\/ul>\n\t\t\t\t<\/div>\n\t\t\t<\/div>\n\t\t<\/div>\n\t\t<\/div>\n<\/div>\n<\/div><\/div><\/div><\/div><\/div>","protected":false},"excerpt":{"rendered":"<p>Servi\u00e7os<\/p>\n","protected":false},"author":1,"featured_media":0,"parent":21,"menu_order":0,"comment_status":"closed","ping_status":"closed","template":"","meta":{"footnotes":""},"class_list":["post-725","page","type-page","status-publish","hentry","post"],"_links":{"self":[{"href":"https:\/\/www.dxcfds.com\/index.php\/wp-json\/wp\/v2\/pages\/725","targetHints":{"allow":["GET"]}}],"collection":[{"href":"https:\/\/www.dxcfds.com\/index.php\/wp-json\/wp\/v2\/pages"}],"about":[{"href":"https:\/\/www.dxcfds.com\/index.php\/wp-json\/wp\/v2\/types\/page"}],"author":[{"embeddable":true,"href":"https:\/\/www.dxcfds.com\/index.php\/wp-json\/wp\/v2\/users\/1"}],"replies":[{"embeddable":true,"href":"https:\/\/www.dxcfds.com\/index.php\/wp-json\/wp\/v2\/comments?post=725"}],"version-history":[{"count":25,"href":"https:\/\/www.dxcfds.com\/index.php\/wp-json\/wp\/v2\/pages\/725\/revisions"}],"predecessor-version":[{"id":1409,"href":"https:\/\/www.dxcfds.com\/index.php\/wp-json\/wp\/v2\/pages\/725\/revisions\/1409"}],"up":[{"embeddable":true,"href":"https:\/\/www.dxcfds.com\/index.php\/wp-json\/wp\/v2\/pages\/21"}],"wp:attachment":[{"href":"https:\/\/www.dxcfds.com\/index.php\/wp-json\/wp\/v2\/media?parent=725"}],"curies":[{"name":"wp","href":"https:\/\/api.w.org\/{rel}","templated":true}]}}