{"id":744,"date":"2022-02-08T08:02:41","date_gmt":"2022-02-08T08:02:41","guid":{"rendered":"http:\/\/itrmt-vautoma01.esfds.net\/site\/?page_id=744"},"modified":"2022-02-08T08:34:07","modified_gmt":"2022-02-08T08:34:07","slug":"fr-contacts","status":"publish","type":"page","link":"https:\/\/www.dxcfds.com\/index.php\/countries\/country-france\/fr-contacts\/","title":{"rendered":"FR-Contacts"},"content":{"rendered":"<div id=\"pl-744\"  class=\"panel-layout\" ><div id=\"pg-744-0\"  class=\"panel-grid panel-no-style\" ><div id=\"pgc-744-0-0\"  class=\"panel-grid-cell\" ><div id=\"panel-744-0-0-0\" class=\"so-panel widget widget_sow-image panel-first-child\" data-index=\"0\" ><div\n\t\t\t\n\t\t\tclass=\"so-widget-sow-image so-widget-sow-image-default-a258e6bfa2d8-744\"\n\t\t\t data-overlay-enabled=\"1\" data-overlay-settings=\"{&quot;enabled_for_widgets&quot;:[&quot;sow-image&quot;,&quot;sow-image-grid&quot;,&quot;sow-simple-masonry&quot;],&quot;theme&quot;:&quot;&quot;,&quot;show_delay&quot;:300,&quot;overlay_color&quot;:&quot;#000000&quot;,&quot;overlay_opacity&quot;:0.8,&quot;overlay_position&quot;:&quot;bottom&quot;,&quot;overlay_size&quot;:0.3,&quot;desktop_show_trigger&quot;:&quot;hover&quot;,&quot;touch_show_trigger&quot;:&quot;touch&quot;,&quot;responsive_breakpoint&quot;:&quot;1024px&quot;,&quot;responsive_breakpoint_unit&quot;:&quot;px&quot;,&quot;overlay_animation&quot;:&quot;fade&quot;,&quot;overlay_animation_onscreen&quot;:false,&quot;font_family&quot;:&quot;&quot;,&quot;text_size&quot;:&quot;15px&quot;,&quot;text_size_unit&quot;:&quot;px&quot;,&quot;text_color&quot;:&quot;#fff&quot;,&quot;text_padding&quot;:&quot;22px 22px 22px 22px&quot;,&quot;text_position&quot;:&quot;middle&quot;,&quot;text_align&quot;:&quot;left&quot;,&quot;text_animation&quot;:&quot;&quot;}\"\n\t\t>\n<div class=\"sow-image-container\">\n\t\t<img \n\tsrc=\"https:\/\/www.dxcfds.com\/wp-content\/uploads\/2021\/05\/LeNostreSedi_665-345.png\" width=\"665\" height=\"345\" srcset=\"https:\/\/www.dxcfds.com\/wp-content\/uploads\/2021\/05\/LeNostreSedi_665-345.png 665w, https:\/\/www.dxcfds.com\/wp-content\/uploads\/2021\/05\/LeNostreSedi_665-345-300x156.png 300w\" sizes=\"(max-width: 665px) 100vw, 665px\" alt=\"alt text\" \t\tclass=\"so-widget-image\"\/>\n\t<\/div>\n\n<\/div><\/div><div id=\"panel-744-0-0-1\" class=\"so-panel widget widget_sow-button panel-last-child\" data-index=\"1\" ><div\n\t\t\t\n\t\t\tclass=\"so-widget-sow-button so-widget-sow-button-wire-348584242d89-744\"\n\t\t\t\n\t\t><div class=\"ow-button-base ow-button-align-left\"\n>\n\t\t\t<a\n\t\t\t\t\thref=\"https:\/\/www.dxcfds.com\/index.php\/countries\/country-france\/\"\n\t\t\t\t\tclass=\"sowb-button ow-icon-placement-left ow-button-hover\" \t>\n\t\t<span>\n\t\t\t\n\t\t\tFDS France\t\t<\/span>\n\t\t\t<\/a>\n\t<\/div>\n<\/div><\/div><\/div><div id=\"pgc-744-0-1\"  class=\"panel-grid-cell panel-grid-cell-mobile-last\" ><div id=\"panel-744-0-1-0\" class=\"so-panel widget widget_sow-editor panel-first-child panel-last-child\" data-index=\"2\" ><div\n\t\t\t\n\t\t\tclass=\"so-widget-sow-editor so-widget-sow-editor-base\"\n\t\t\t\n\t\t>\n<div class=\"siteorigin-widget-tinymce textwidget\">\n\t<h1><strong><span style=\"color: #6f2c91;\">Contacts<\/span><\/strong><\/h1>\n<p class=\"p-text\"><em><strong>Head Office<\/strong><\/em><\/p>\n<p>Adresse CDS<\/p>\n<p>Agrandir le plan<br \/>\nES Field Delivery France SAS\/ FDS France<br \/>\nNiveau RDC, Aile C<br \/>\n4 avenue Pablo Picasso,<br \/>\n92000 Nanterre<br \/>\nFRANCE<\/p>\n<p>T\u00e9l\u00e9phone:<\/p>\n<p>Pas de ligne fixe pour le moment<br \/>\nR\u00e9sidant - HR Manager \u2013 Rachel Boulade<br \/>\nJoignable au:<br \/>\n33 6 34 21 07 81<br \/>\n33 1 55 87 28 80<\/p>\n<p>Acc\u00e8s<br \/>\nVoir plan \u2013 10 minutes \u00e0 pied depuis la station (RER A) Nanterre Pr\u00e9fecture, en traversant le parc Andr\u00e9 Malraux. Arr\u00eat des bus 159 et 259 au pied du batiment \u2013 arr\u00eat Joliot Curie\/Courbeboie.<\/p>\n<p>En voiture, situ\u00e9 \u00e0 proximit\u00e9 de la sortie Nanterre Pr\u00e9fecture sur l\u2019autoroute A86.<\/p>\n<\/div>\n<\/div><\/div><\/div><div id=\"pgc-744-0-2\"  class=\"panel-grid-cell panel-grid-cell-empty\" ><\/div><\/div><div id=\"pg-744-1\"  class=\"panel-grid panel-no-style\" ><div id=\"pgc-744-1-0\"  class=\"panel-grid-cell panel-grid-cell-empty\" ><\/div><div id=\"pgc-744-1-1\"  class=\"panel-grid-cell panel-grid-cell-mobile-last\" ><div id=\"panel-744-1-1-0\" class=\"so-panel widget widget_sow-editor panel-first-child panel-last-child\" data-index=\"3\" ><div id=\"uk01\" class=\"panel-widget-style panel-widget-style-for-744-1-1-0\" ><div\n\t\t\t\n\t\t\tclass=\"so-widget-sow-editor so-widget-sow-editor-base\"\n\t\t\t\n\t\t>\n<div class=\"siteorigin-widget-tinymce textwidget\">\n\t<p><strong>FR Office Locations<\/strong><\/p>\n<p style=\"text-align: center;\"><iframe loading=\"lazy\" src=\"https:\/\/www.google.com\/maps\/d\/u\/5\/embed?mid=18emTZlHYmaQNVODIuFG5bjtDPCS8zo7t&ehbc=2E312F\" width=\"640\" height=\"480\"><\/iframe><\/p>\n<\/div>\n<\/div><\/div><\/div><\/div><div id=\"pgc-744-1-2\"  class=\"panel-grid-cell panel-grid-cell-empty\" ><\/div><\/div><\/div>","protected":false},"excerpt":{"rendered":"<p>Contacts Head Office Adresse CDS Agrandir le plan ES Field Delivery France SAS\/ FDS France Niveau RDC, Aile C 4 avenue Pablo Picasso, 92000 Nanterre FRANCE T\u00e9l\u00e9phone: Pas de ligne fixe pour le moment R\u00e9sidant &#8211; HR Manager \u2013 Rachel Boulade Joignable au: 33 6 34 21 07 81 33 1 55 87 28 80 [&hellip;]<\/p>\n","protected":false},"author":1,"featured_media":0,"parent":716,"menu_order":0,"comment_status":"closed","ping_status":"closed","template":"","meta":{"footnotes":""},"class_list":["post-744","page","type-page","status-publish","hentry","post"],"_links":{"self":[{"href":"https:\/\/www.dxcfds.com\/index.php\/wp-json\/wp\/v2\/pages\/744","targetHints":{"allow":["GET"]}}],"collection":[{"href":"https:\/\/www.dxcfds.com\/index.php\/wp-json\/wp\/v2\/pages"}],"about":[{"href":"https:\/\/www.dxcfds.com\/index.php\/wp-json\/wp\/v2\/types\/page"}],"author":[{"embeddable":true,"href":"https:\/\/www.dxcfds.com\/index.php\/wp-json\/wp\/v2\/users\/1"}],"replies":[{"embeddable":true,"href":"https:\/\/www.dxcfds.com\/index.php\/wp-json\/wp\/v2\/comments?post=744"}],"version-history":[{"count":4,"href":"https:\/\/www.dxcfds.com\/index.php\/wp-json\/wp\/v2\/pages\/744\/revisions"}],"predecessor-version":[{"id":787,"href":"https:\/\/www.dxcfds.com\/index.php\/wp-json\/wp\/v2\/pages\/744\/revisions\/787"}],"up":[{"embeddable":true,"href":"https:\/\/www.dxcfds.com\/index.php\/wp-json\/wp\/v2\/pages\/716"}],"wp:attachment":[{"href":"https:\/\/www.dxcfds.com\/index.php\/wp-json\/wp\/v2\/media?parent=744"}],"curies":[{"name":"wp","href":"https:\/\/api.w.org\/{rel}","templated":true}]}}