{"id":798,"date":"2022-02-08T08:40:35","date_gmt":"2022-02-08T08:40:35","guid":{"rendered":"http:\/\/itrmt-vautoma01.esfds.net\/site\/?page_id=798"},"modified":"2022-02-08T10:36:57","modified_gmt":"2022-02-08T10:36:57","slug":"es-aboutus","status":"publish","type":"page","link":"https:\/\/www.dxcfds.com\/index.php\/countries\/country-spain\/es-aboutus\/","title":{"rendered":"ES-AboutUs"},"content":{"rendered":"<div id=\"pl-798\"  class=\"panel-layout\" ><div id=\"pg-798-0\"  class=\"panel-grid panel-no-style\" ><div id=\"pgc-798-0-0\"  class=\"panel-grid-cell panel-grid-cell-empty\" ><\/div><\/div><div id=\"pg-798-1\"  class=\"panel-grid panel-no-style\" ><div id=\"pgc-798-1-0\"  class=\"panel-grid-cell\" ><div id=\"panel-798-1-0-0\" class=\"so-panel widget widget_sow-image panel-first-child\" data-index=\"0\" ><div\n\t\t\t\n\t\t\tclass=\"so-widget-sow-image so-widget-sow-image-default-a258e6bfa2d8-798\"\n\t\t\t data-overlay-enabled=\"1\" data-overlay-settings=\"{&quot;enabled_for_widgets&quot;:[&quot;sow-image&quot;,&quot;sow-image-grid&quot;,&quot;sow-simple-masonry&quot;],&quot;theme&quot;:&quot;&quot;,&quot;show_delay&quot;:300,&quot;overlay_color&quot;:&quot;#000000&quot;,&quot;overlay_opacity&quot;:0.8,&quot;overlay_position&quot;:&quot;bottom&quot;,&quot;overlay_size&quot;:0.3,&quot;desktop_show_trigger&quot;:&quot;hover&quot;,&quot;touch_show_trigger&quot;:&quot;touch&quot;,&quot;responsive_breakpoint&quot;:&quot;1024px&quot;,&quot;responsive_breakpoint_unit&quot;:&quot;px&quot;,&quot;overlay_animation&quot;:&quot;fade&quot;,&quot;overlay_animation_onscreen&quot;:false,&quot;font_family&quot;:&quot;&quot;,&quot;text_size&quot;:&quot;15px&quot;,&quot;text_size_unit&quot;:&quot;px&quot;,&quot;text_color&quot;:&quot;#fff&quot;,&quot;text_padding&quot;:&quot;22px 22px 22px 22px&quot;,&quot;text_position&quot;:&quot;middle&quot;,&quot;text_align&quot;:&quot;left&quot;,&quot;text_animation&quot;:&quot;&quot;}\"\n\t\t>\n<div class=\"sow-image-container\">\n\t\t<img \n\tsrc=\"https:\/\/www.dxcfds.com\/wp-content\/uploads\/2021\/05\/banner-uk-about-us.png\" width=\"665\" height=\"345\" srcset=\"https:\/\/www.dxcfds.com\/wp-content\/uploads\/2021\/05\/banner-uk-about-us.png 665w, https:\/\/www.dxcfds.com\/wp-content\/uploads\/2021\/05\/banner-uk-about-us-300x156.png 300w\" sizes=\"(max-width: 665px) 100vw, 665px\" alt=\"alt text\" \t\tclass=\"so-widget-image\"\/>\n\t<\/div>\n\n<\/div><\/div><div id=\"panel-798-1-0-1\" class=\"so-panel widget widget_sow-button panel-last-child\" data-index=\"1\" ><div\n\t\t\t\n\t\t\tclass=\"so-widget-sow-button so-widget-sow-button-wire-348584242d89-798\"\n\t\t\t\n\t\t><div class=\"ow-button-base ow-button-align-left\"\n>\n\t\t\t<a\n\t\t\t\t\thref=\"https:\/\/www.dxcfds.com\/index.php\/countries\/country-spain\/\"\n\t\t\t\t\tclass=\"sowb-button ow-icon-placement-left ow-button-hover\" \t>\n\t\t<span>\n\t\t\t\n\t\t\tFDS Spain\t\t<\/span>\n\t\t\t<\/a>\n\t<\/div>\n<\/div><\/div><\/div><div id=\"pgc-798-1-1\"  class=\"panel-grid-cell\" ><div id=\"panel-798-1-1-0\" class=\"so-panel widget widget_sow-editor panel-first-child\" data-index=\"2\" ><div\n\t\t\t\n\t\t\tclass=\"so-widget-sow-editor so-widget-sow-editor-base\"\n\t\t\t\n\t\t>\n<div class=\"siteorigin-widget-tinymce textwidget\">\n\t<h3 class=\"h3-content\"><span style=\"font-size: 18pt; color: #800080;\">Acerca de ES Field Delivery Spain<\/span><\/h3>\n<\/div>\n<\/div><\/div><div id=\"panel-798-1-1-1\" class=\"so-panel widget widget_sow-editor panel-last-child\" data-index=\"3\" ><div\n\t\t\t\n\t\t\tclass=\"so-widget-sow-editor so-widget-sow-editor-base\"\n\t\t\t\n\t\t>\n<div class=\"siteorigin-widget-tinymce textwidget\">\n\t<p><strong>Nuestros or\u00edgenes<\/strong><\/p>\n<p>Desde su nacimiento como Granada y posteriormente como Synstar Computer Services, nuestra compa\u00f1\u00eda presenta desde hace m\u00e1s de 30 a\u00f1os una trayectoria consolidada en servicios de IT, con presencia en varios pa\u00edses de Europa. Desde su adquisici\u00f3n por parte de HP en el a\u00f1o 2004 ha sido, hasta el 1 de abril de 2017, una empresa del grupo Hewlett Packard Enterprise (HPE).<\/p>\n<p>En mayo de 2017 HPE anunci\u00f3 la segregaci\u00f3n de su negocio Enterprise Services (ES) y su posterior fusi\u00f3n con Computer Sciencies Corporation (CSC), para crear DXC Technology, una compa\u00f1\u00eda global de servicios de IT m\u00e1s poderosa, vers\u00e1til e independiente, posicionada para conducir a los clientes a lo largo de su recorrido hacia la transformaci\u00f3n digital.<\/p>\n<p>Fruto de este mismo proceso de segregaci\u00f3n se produce la escisi\u00f3n de la subsidiaria de HPE Hewlett Packard Customer Delivery Services (CDS), dando lugar a ES Field Delivery Spain (FDS) como subsidiaria del grupo DXC.<\/p>\n<p><strong>Nuestra puesta en el mercado<\/strong><\/p>\n<p>En FDS prestamos servicios de primera calidad para las principales l\u00edneas de negocio de DXC Technology desde nuestras sedes de Madrid, Barcelona, Santiago, Girona, Le\u00f3n, Sevilla, Valencia y Zaragoza. Nuestros expertos participan en proyectos de vanguardia tecnol\u00f3gica en las \u00e1reas de:<\/p>\n<p><img loading=\"lazy\" decoding=\"async\" class=\"aligncenter wp-image-857 size-full\" src=\"http:\/\/itrmt-vautoma01.esfds.net\/site\/wp-content\/uploads\/2022\/02\/areas.png\" alt=\"\" width=\"629\" height=\"327\" srcset=\"https:\/\/www.dxcfds.com\/wp-content\/uploads\/2022\/02\/areas.png 629w, https:\/\/www.dxcfds.com\/wp-content\/uploads\/2022\/02\/areas-300x156.png 300w\" sizes=\"auto, (max-width: 629px) 100vw, 629px\" \/><\/p>\n<\/div>\n<\/div><\/div><\/div><\/div><div id=\"pg-798-2\"  class=\"panel-grid panel-no-style\" ><div id=\"pgc-798-2-0\"  class=\"panel-grid-cell panel-grid-cell-empty\" ><\/div><\/div><\/div>","protected":false},"excerpt":{"rendered":"<p>Acerca de ES Field Delivery Spain Nuestros or\u00edgenes Desde su nacimiento como Granada y posteriormente como Synstar Computer Services, nuestra compa\u00f1\u00eda presenta desde hace m\u00e1s de 30 a\u00f1os una trayectoria consolidada en servicios de IT, con presencia en varios pa\u00edses de Europa. Desde su adquisici\u00f3n por parte de HP en el a\u00f1o 2004 ha sido, [&hellip;]<\/p>\n","protected":false},"author":1,"featured_media":0,"parent":728,"menu_order":0,"comment_status":"closed","ping_status":"closed","template":"","meta":{"footnotes":""},"class_list":["post-798","page","type-page","status-publish","hentry","post"],"_links":{"self":[{"href":"https:\/\/www.dxcfds.com\/index.php\/wp-json\/wp\/v2\/pages\/798","targetHints":{"allow":["GET"]}}],"collection":[{"href":"https:\/\/www.dxcfds.com\/index.php\/wp-json\/wp\/v2\/pages"}],"about":[{"href":"https:\/\/www.dxcfds.com\/index.php\/wp-json\/wp\/v2\/types\/page"}],"author":[{"embeddable":true,"href":"https:\/\/www.dxcfds.com\/index.php\/wp-json\/wp\/v2\/users\/1"}],"replies":[{"embeddable":true,"href":"https:\/\/www.dxcfds.com\/index.php\/wp-json\/wp\/v2\/comments?post=798"}],"version-history":[{"count":11,"href":"https:\/\/www.dxcfds.com\/index.php\/wp-json\/wp\/v2\/pages\/798\/revisions"}],"predecessor-version":[{"id":859,"href":"https:\/\/www.dxcfds.com\/index.php\/wp-json\/wp\/v2\/pages\/798\/revisions\/859"}],"up":[{"embeddable":true,"href":"https:\/\/www.dxcfds.com\/index.php\/wp-json\/wp\/v2\/pages\/728"}],"wp:attachment":[{"href":"https:\/\/www.dxcfds.com\/index.php\/wp-json\/wp\/v2\/media?parent=798"}],"curies":[{"name":"wp","href":"https:\/\/api.w.org\/{rel}","templated":true}]}}