{"id":804,"date":"2022-02-08T08:42:33","date_gmt":"2022-02-08T08:42:33","guid":{"rendered":"http:\/\/itrmt-vautoma01.esfds.net\/site\/?page_id=804"},"modified":"2026-03-13T17:07:52","modified_gmt":"2026-03-13T17:07:52","slug":"es-contacts","status":"publish","type":"page","link":"https:\/\/www.dxcfds.com\/index.php\/countries\/country-spain\/es-contacts\/","title":{"rendered":"ES-Contacts"},"content":{"rendered":"<div id=\"pl-804\"  class=\"panel-layout\" ><div id=\"pg-804-0\"  class=\"panel-grid panel-no-style\" ><div id=\"pgc-804-0-0\"  class=\"panel-grid-cell\" ><div id=\"panel-804-0-0-0\" class=\"so-panel widget widget_sow-image panel-first-child\" data-index=\"0\" ><div\n\t\t\t\n\t\t\tclass=\"so-widget-sow-image so-widget-sow-image-default-a258e6bfa2d8-804\"\n\t\t\t data-overlay-enabled=\"1\" data-overlay-settings=\"{&quot;enabled_for_widgets&quot;:[&quot;sow-image&quot;,&quot;sow-image-grid&quot;,&quot;sow-simple-masonry&quot;],&quot;theme&quot;:&quot;&quot;,&quot;show_delay&quot;:300,&quot;overlay_color&quot;:&quot;#000000&quot;,&quot;overlay_opacity&quot;:0.8,&quot;overlay_position&quot;:&quot;bottom&quot;,&quot;overlay_size&quot;:0.3,&quot;desktop_show_trigger&quot;:&quot;hover&quot;,&quot;touch_show_trigger&quot;:&quot;touch&quot;,&quot;responsive_breakpoint&quot;:&quot;1024px&quot;,&quot;responsive_breakpoint_unit&quot;:&quot;px&quot;,&quot;overlay_animation&quot;:&quot;fade&quot;,&quot;overlay_animation_onscreen&quot;:false,&quot;font_family&quot;:&quot;&quot;,&quot;text_size&quot;:&quot;15px&quot;,&quot;text_size_unit&quot;:&quot;px&quot;,&quot;text_color&quot;:&quot;#fff&quot;,&quot;text_padding&quot;:&quot;22px 22px 22px 22px&quot;,&quot;text_position&quot;:&quot;middle&quot;,&quot;text_align&quot;:&quot;left&quot;,&quot;text_animation&quot;:&quot;&quot;}\"\n\t\t>\n<div class=\"sow-image-container\">\n\t\t<img \n\tsrc=\"https:\/\/www.dxcfds.com\/wp-content\/uploads\/2021\/05\/LeNostreSedi_665-345.png\" width=\"665\" height=\"345\" srcset=\"https:\/\/www.dxcfds.com\/wp-content\/uploads\/2021\/05\/LeNostreSedi_665-345.png 665w, https:\/\/www.dxcfds.com\/wp-content\/uploads\/2021\/05\/LeNostreSedi_665-345-300x156.png 300w\" sizes=\"(max-width: 665px) 100vw, 665px\" alt=\"alt text\" \t\tclass=\"so-widget-image\"\/>\n\t<\/div>\n\n<\/div><\/div><div id=\"panel-804-0-0-1\" class=\"so-panel widget widget_sow-button panel-last-child\" data-index=\"1\" ><div\n\t\t\t\n\t\t\tclass=\"so-widget-sow-button so-widget-sow-button-wire-72ddd7a1a432-804\"\n\t\t\t\n\t\t><div class=\"ow-button-base ow-button-align-left\"\n>\n\t\t\t<a\n\t\t\t\t\thref=\"https:\/\/www.dxcfds.com\/index.php\/countries\/country-spain\/\"\n\t\t\t\t\tclass=\"sowb-button ow-icon-placement-left ow-button-hover\" \t>\n\t\t<span>\n\t\t\t\n\t\t\tFDS Spain\t\t<\/span>\n\t\t\t<\/a>\n\t<\/div>\n<\/div><\/div><\/div><div id=\"pgc-804-0-1\"  class=\"panel-grid-cell panel-grid-cell-mobile-last\" ><div id=\"panel-804-0-1-0\" class=\"so-panel widget widget_sow-editor panel-first-child panel-last-child\" data-index=\"2\" ><div\n\t\t\t\n\t\t\tclass=\"so-widget-sow-editor so-widget-sow-editor-base\"\n\t\t\t\n\t\t>\n<div class=\"siteorigin-widget-tinymce textwidget\">\n\t<h1><strong><span style=\"color: #004AAC;\">Contacto<\/span><\/strong><\/h1>\n<table style=\"height: 94px;\" width=\"635\">\n<tbody>\n<tr>\n<td><strong>Direcci\u00f3n:<\/strong><\/td>\n<td>Calle Jos\u00e9 Echegaray 8, Las Rozas 28232 Madrid, Espa\u00f1a<\/td>\n<\/tr>\n<tr>\n<td><strong>Tel\u00e9fono:<\/strong><\/td>\n<td>+34 916 311 684<\/td>\n<\/tr>\n<tr>\n<td><strong>Email:<\/strong><\/td>\n<td><a href=\"mailto:comunicacion@dxcfds.com\">comunicacion@dxcfds.com<\/a><\/td>\n<\/tr>\n<\/tbody>\n<\/table>\n<p>&nbsp;<\/p>\n<p class=\"p-text\"><em><strong>Nuestras\u00a0 oficinas<\/strong><\/em><\/p>\n<div id=\"office\">\n<p class=\"p-text\"><strong>ES Field Delivery Spain<\/strong><\/p>\n<ul class=\"ul-content-leftaligned\">\n<li>A - Madrid, Las Rozas<\/li>\n<li>B - Barcelona, Sant Cugat del Vall\u00e8s<\/li>\n<li>C - Girona<\/li>\n<li>D - Zaragoza<\/li>\n<li>E - Le\u00f3n<\/li>\n<li>F - Sevilla<\/li>\n<li>G - Valencia<\/li>\n<li>H - Santiago de Compostela<\/li>\n<\/ul>\n<p>&nbsp;<\/p>\n<\/div>\n<\/div>\n<\/div><\/div><\/div><div id=\"pgc-804-0-2\"  class=\"panel-grid-cell panel-grid-cell-empty\" ><\/div><\/div><div id=\"pg-804-1\"  class=\"panel-grid panel-no-style\" ><div id=\"pgc-804-1-0\"  class=\"panel-grid-cell panel-grid-cell-empty\" ><\/div><div id=\"pgc-804-1-1\"  class=\"panel-grid-cell panel-grid-cell-mobile-last\" ><div id=\"panel-804-1-1-0\" class=\"so-panel widget widget_sow-editor panel-first-child panel-last-child\" data-index=\"3\" ><div id=\"uk01\" class=\"panel-widget-style panel-widget-style-for-804-1-1-0\" ><div\n\t\t\t\n\t\t\tclass=\"so-widget-sow-editor so-widget-sow-editor-base\"\n\t\t\t\n\t\t>\n<div class=\"siteorigin-widget-tinymce textwidget\">\n\t<p><strong>Oficinas FDS de Espana<\/strong><\/p>\n<p style=\"text-align: center;\"><iframe loading=\"lazy\" src=\"https:\/\/www.google.com\/maps\/d\/u\/5\/embed?mid=1NFGGwK_VcO6k3Sy8D4_gmWrh8mE&ehbc=2E312F\" width=\"640\" height=\"480\"><\/iframe><\/p>\n<\/div>\n<\/div><\/div><\/div><\/div><div id=\"pgc-804-1-2\"  class=\"panel-grid-cell panel-grid-cell-empty\" ><\/div><\/div><\/div>","protected":false},"excerpt":{"rendered":"<p>Contacto Direcci\u00f3n: Calle Jos\u00e9 Echegaray 8, Las Rozas 28232 Madrid, Espa\u00f1a Tel\u00e9fono: +34 916 311 684 Email: comunicacion@dxcfds.com &nbsp; Nuestras\u00a0 oficinas ES Field Delivery Spain A &#8211; Madrid, Las Rozas B &#8211; Barcelona, Sant Cugat del Vall\u00e8s C &#8211; Girona D &#8211; Zaragoza E &#8211; Le\u00f3n F &#8211; Sevilla G &#8211; Valencia H &#8211; Santiago [&hellip;]<\/p>\n","protected":false},"author":1,"featured_media":0,"parent":728,"menu_order":0,"comment_status":"closed","ping_status":"closed","template":"","meta":{"footnotes":""},"class_list":["post-804","page","type-page","status-publish","hentry","post"],"_links":{"self":[{"href":"https:\/\/www.dxcfds.com\/index.php\/wp-json\/wp\/v2\/pages\/804","targetHints":{"allow":["GET"]}}],"collection":[{"href":"https:\/\/www.dxcfds.com\/index.php\/wp-json\/wp\/v2\/pages"}],"about":[{"href":"https:\/\/www.dxcfds.com\/index.php\/wp-json\/wp\/v2\/types\/page"}],"author":[{"embeddable":true,"href":"https:\/\/www.dxcfds.com\/index.php\/wp-json\/wp\/v2\/users\/1"}],"replies":[{"embeddable":true,"href":"https:\/\/www.dxcfds.com\/index.php\/wp-json\/wp\/v2\/comments?post=804"}],"version-history":[{"count":12,"href":"https:\/\/www.dxcfds.com\/index.php\/wp-json\/wp\/v2\/pages\/804\/revisions"}],"predecessor-version":[{"id":1417,"href":"https:\/\/www.dxcfds.com\/index.php\/wp-json\/wp\/v2\/pages\/804\/revisions\/1417"}],"up":[{"embeddable":true,"href":"https:\/\/www.dxcfds.com\/index.php\/wp-json\/wp\/v2\/pages\/728"}],"wp:attachment":[{"href":"https:\/\/www.dxcfds.com\/index.php\/wp-json\/wp\/v2\/media?parent=804"}],"curies":[{"name":"wp","href":"https:\/\/api.w.org\/{rel}","templated":true}]}}