{"id":807,"date":"2022-02-08T08:43:50","date_gmt":"2022-02-08T08:43:50","guid":{"rendered":"http:\/\/itrmt-vautoma01.esfds.net\/site\/?page_id=807"},"modified":"2026-03-13T16:56:52","modified_gmt":"2026-03-13T16:56:52","slug":"pt-aboutus","status":"publish","type":"page","link":"https:\/\/www.dxcfds.com\/index.php\/countries\/country-portugal\/pt-aboutus\/","title":{"rendered":"PT-AboutUs"},"content":{"rendered":"<div id=\"pl-807\"  class=\"panel-layout\" ><div id=\"pg-807-0\"  class=\"panel-grid panel-no-style\" ><div id=\"pgc-807-0-0\"  class=\"panel-grid-cell panel-grid-cell-empty\" ><\/div><\/div><div id=\"pg-807-1\"  class=\"panel-grid panel-no-style\" ><div id=\"pgc-807-1-0\"  class=\"panel-grid-cell\" ><div id=\"panel-807-1-0-0\" class=\"so-panel widget widget_sow-image panel-first-child\" data-index=\"0\" ><div\n\t\t\t\n\t\t\tclass=\"so-widget-sow-image so-widget-sow-image-default-a258e6bfa2d8-807\"\n\t\t\t data-overlay-enabled=\"1\" data-overlay-settings=\"{&quot;enabled_for_widgets&quot;:[&quot;sow-image&quot;,&quot;sow-image-grid&quot;,&quot;sow-simple-masonry&quot;],&quot;theme&quot;:&quot;&quot;,&quot;show_delay&quot;:300,&quot;overlay_color&quot;:&quot;#000000&quot;,&quot;overlay_opacity&quot;:0.8,&quot;overlay_position&quot;:&quot;bottom&quot;,&quot;overlay_size&quot;:0.3,&quot;desktop_show_trigger&quot;:&quot;hover&quot;,&quot;touch_show_trigger&quot;:&quot;touch&quot;,&quot;responsive_breakpoint&quot;:&quot;1024px&quot;,&quot;responsive_breakpoint_unit&quot;:&quot;px&quot;,&quot;overlay_animation&quot;:&quot;fade&quot;,&quot;overlay_animation_onscreen&quot;:false,&quot;font_family&quot;:&quot;&quot;,&quot;text_size&quot;:&quot;15px&quot;,&quot;text_size_unit&quot;:&quot;px&quot;,&quot;text_color&quot;:&quot;#fff&quot;,&quot;text_padding&quot;:&quot;22px 22px 22px 22px&quot;,&quot;text_position&quot;:&quot;middle&quot;,&quot;text_align&quot;:&quot;left&quot;,&quot;text_animation&quot;:&quot;&quot;}\"\n\t\t>\n<div class=\"sow-image-container\">\n\t\t<img \n\tsrc=\"https:\/\/www.dxcfds.com\/wp-content\/uploads\/2021\/05\/banner-uk-about-us.png\" width=\"665\" height=\"345\" srcset=\"https:\/\/www.dxcfds.com\/wp-content\/uploads\/2021\/05\/banner-uk-about-us.png 665w, https:\/\/www.dxcfds.com\/wp-content\/uploads\/2021\/05\/banner-uk-about-us-300x156.png 300w\" sizes=\"(max-width: 665px) 100vw, 665px\" alt=\"alt text\" \t\tclass=\"so-widget-image\"\/>\n\t<\/div>\n\n<\/div><\/div><div id=\"panel-807-1-0-1\" class=\"so-panel widget widget_sow-button panel-last-child\" data-index=\"1\" ><div\n\t\t\t\n\t\t\tclass=\"so-widget-sow-button so-widget-sow-button-wire-72ddd7a1a432-807\"\n\t\t\t\n\t\t><div class=\"ow-button-base ow-button-align-left\"\n>\n\t\t\t<a\n\t\t\t\t\thref=\"https:\/\/www.dxcfds.com\/index.php\/countries\/country-portugal\/\"\n\t\t\t\t\tclass=\"sowb-button ow-icon-placement-left ow-button-hover\" \t>\n\t\t<span>\n\t\t\t\n\t\t\tFDS Portugal\t\t<\/span>\n\t\t\t<\/a>\n\t<\/div>\n<\/div><\/div><\/div><div id=\"pgc-807-1-1\"  class=\"panel-grid-cell\" ><div id=\"panel-807-1-1-0\" class=\"so-panel widget widget_sow-editor panel-first-child\" data-index=\"2\" ><div\n\t\t\t\n\t\t\tclass=\"so-widget-sow-editor so-widget-sow-editor-base\"\n\t\t\t\n\t\t>\n<div class=\"siteorigin-widget-tinymce textwidget\">\n\t<h2><span style=\"color: #004AAC;\"><strong>About us<\/strong><\/span><\/h2>\n<\/div>\n<\/div><\/div><div id=\"panel-807-1-1-1\" class=\"so-panel widget widget_sow-editor panel-last-child\" data-index=\"3\" ><div\n\t\t\t\n\t\t\tclass=\"so-widget-sow-editor so-widget-sow-editor-base\"\n\t\t\t\n\t\t>\n<div class=\"siteorigin-widget-tinymce textwidget\">\n\t<p class=\"p-text\">A FDS iniciou-se como Granada que, posteriomente, criou a Synstar Computer Services, contando j\u00e1 com mais de 30 anos de presen\u00e7a no mercado de servi\u00e7os de IT em v\u00e1rios pa\u00edses da Europa. Desde a sua aquisi\u00e7\u00e3o por parte da HP, no ano de 2004 at\u00e9 ao dia 31 de mar\u00e7o de 2017, foi uma empresa do grupo Hewlett-Packard Enterprise. (HPE).<\/p>\n<p>Em maio de 2016 a HPE anunciou a segrega\u00e7\u00e3o da unidade de neg\u00f3cio Enterprise Services (ES) e posterior fus\u00e3o com a Computer Science Corporation (CSC) que resultou na DXC Technology, uma empresa l\u00edder mundial de servi\u00e7os globais de IT, vers\u00e1til e independente, posicionada para conduzir os clientes no percurso para a transforma\u00e7\u00e3o. digital.<\/p>\n<p>Como resultado deste mesmo processo de segrega\u00e7\u00e3o, a subsidi\u00e1ria HPE Hewlett Packard Customer Delivery Services (CDS) foi dividida, criando-se a ES Field Delivery Portugal (FDS Portugal) como subsidi\u00e1ria do grupo DXC Technology Portugal.<\/p>\n<\/div>\n<\/div><\/div><\/div><\/div><div id=\"pg-807-2\"  class=\"panel-grid panel-no-style\" ><div id=\"pgc-807-2-0\"  class=\"panel-grid-cell panel-grid-cell-empty\" ><\/div><\/div><\/div>","protected":false},"excerpt":{"rendered":"<p>About us A FDS iniciou-se como Granada que, posteriomente, criou a Synstar Computer Services, contando j\u00e1 com mais de 30 anos de presen\u00e7a no mercado de servi\u00e7os de IT em v\u00e1rios pa\u00edses da Europa. Desde a sua aquisi\u00e7\u00e3o por parte da HP, no ano de 2004 at\u00e9 ao dia 31 de mar\u00e7o de 2017, foi [&hellip;]<\/p>\n","protected":false},"author":1,"featured_media":0,"parent":725,"menu_order":0,"comment_status":"closed","ping_status":"closed","template":"","meta":{"footnotes":""},"class_list":["post-807","page","type-page","status-publish","hentry","post"],"_links":{"self":[{"href":"https:\/\/www.dxcfds.com\/index.php\/wp-json\/wp\/v2\/pages\/807","targetHints":{"allow":["GET"]}}],"collection":[{"href":"https:\/\/www.dxcfds.com\/index.php\/wp-json\/wp\/v2\/pages"}],"about":[{"href":"https:\/\/www.dxcfds.com\/index.php\/wp-json\/wp\/v2\/types\/page"}],"author":[{"embeddable":true,"href":"https:\/\/www.dxcfds.com\/index.php\/wp-json\/wp\/v2\/users\/1"}],"replies":[{"embeddable":true,"href":"https:\/\/www.dxcfds.com\/index.php\/wp-json\/wp\/v2\/comments?post=807"}],"version-history":[{"count":10,"href":"https:\/\/www.dxcfds.com\/index.php\/wp-json\/wp\/v2\/pages\/807\/revisions"}],"predecessor-version":[{"id":1411,"href":"https:\/\/www.dxcfds.com\/index.php\/wp-json\/wp\/v2\/pages\/807\/revisions\/1411"}],"up":[{"embeddable":true,"href":"https:\/\/www.dxcfds.com\/index.php\/wp-json\/wp\/v2\/pages\/725"}],"wp:attachment":[{"href":"https:\/\/www.dxcfds.com\/index.php\/wp-json\/wp\/v2\/media?parent=807"}],"curies":[{"name":"wp","href":"https:\/\/api.w.org\/{rel}","templated":true}]}}